{"id":7865,"date":"2021-06-21T13:01:27","date_gmt":"2021-06-21T11:01:27","guid":{"rendered":"https:\/\/www.arff-services.com\/impressum\/"},"modified":"2025-05-21T13:01:01","modified_gmt":"2025-05-21T11:01:01","slug":"imprint","status":"publish","type":"page","link":"https:\/\/www.arff-services.com\/en\/imprint\/","title":{"rendered":"Imprint"},"content":{"rendered":"\t\t<div data-elementor-type=\"wp-page\" data-elementor-id=\"7865\" class=\"elementor elementor-7865 elementor-5347\">\n\t\t\t\t\t\t<section class=\"elementor-section elementor-top-section elementor-element elementor-element-2b48a0f4 elementor-section-boxed elementor-section-height-default elementor-section-height-default\" data-id=\"2b48a0f4\" data-element_type=\"section\" data-e-type=\"section\">\n\t\t\t\t\t\t<div class=\"elementor-container elementor-column-gap-default\">\n\t\t\t\t\t<div class=\"elementor-column elementor-col-100 elementor-top-column elementor-element elementor-element-4d741c4d\" data-id=\"4d741c4d\" data-element_type=\"column\" data-e-type=\"column\">\n\t\t\t<div class=\"elementor-widget-wrap elementor-element-populated\">\n\t\t\t\t\t\t<div class=\"elementor-element elementor-element-10954973 elementor-widget elementor-widget-heading\" data-id=\"10954973\" data-element_type=\"widget\" data-e-type=\"widget\" data-widget_type=\"heading.default\">\n\t\t\t\t<div class=\"elementor-widget-container\">\n\t\t\t\t\t<h1 class=\"elementor-heading-title elementor-size-default\">Impressum<\/h1>\t\t\t\t<\/div>\n\t\t\t\t<\/div>\n\t\t\t\t<div class=\"elementor-element elementor-element-5af65429 elementor-widget-divider--view-line elementor-widget elementor-widget-divider\" data-id=\"5af65429\" data-element_type=\"widget\" data-e-type=\"widget\" data-widget_type=\"divider.default\">\n\t\t\t\t<div class=\"elementor-widget-container\">\n\t\t\t\t\t\t\t<div class=\"elementor-divider\">\n\t\t\t<span class=\"elementor-divider-separator\">\n\t\t\t\t\t\t<\/span>\n\t\t<\/div>\n\t\t\t\t\t\t<\/div>\n\t\t\t\t<\/div>\n\t\t\t\t<section class=\"elementor-section elementor-inner-section elementor-element elementor-element-515b657c elementor-section-full_width elementor-reverse-mobile elementor-section-height-default elementor-section-height-default\" data-id=\"515b657c\" data-element_type=\"section\" data-e-type=\"section\">\n\t\t\t\t\t\t<div class=\"elementor-container elementor-column-gap-default\">\n\t\t\t\t\t<div class=\"elementor-column elementor-col-50 elementor-inner-column elementor-element elementor-element-582b3834\" data-id=\"582b3834\" data-element_type=\"column\" data-e-type=\"column\">\n\t\t\t<div class=\"elementor-widget-wrap elementor-element-populated\">\n\t\t\t\t\t\t<div class=\"elementor-element elementor-element-6b8f3485 elementor-widget elementor-widget-heading\" data-id=\"6b8f3485\" data-element_type=\"widget\" data-e-type=\"widget\" data-widget_type=\"heading.default\">\n\t\t\t\t<div class=\"elementor-widget-container\">\n\t\t\t\t\t<h3 class=\"elementor-heading-title elementor-size-default\">Angaben gem\u00e4\u00df \u00a7 5 TMG<\/h3>\t\t\t\t<\/div>\n\t\t\t\t<\/div>\n\t\t\t\t<div class=\"elementor-element elementor-element-d34424b elementor-widget elementor-widget-text-editor\" data-id=\"d34424b\" data-element_type=\"widget\" data-e-type=\"widget\" data-widget_type=\"text-editor.default\">\n\t\t\t\t<div class=\"elementor-widget-container\">\n\t\t\t\t\t\t\t\t\t<p>ARFF-SERVICES GMBH<br \/>Erikenweg 7<br \/>04416 Markkleeberg<\/p>\n<p>Handelsregister: HRB<strong>\u00a0<\/strong>37831<br \/>Registergericht: Amtsgericht Leipzig<br \/>Umsatzsteuer-ID Nr. (\u00a727a): DE333530348<br \/>Gesch\u00e4ftsfu\u0308hrung: Florian Funke<\/p>\n<p><strong>Kontakt<\/strong><br \/>E-Mail: info@arff-services.com<\/p>\n\t\t\t\t\t\t\t\t<\/div>\n\t\t\t\t<\/div>\n\t\t\t\t<div class=\"elementor-element elementor-element-5b8ac8a elementor-widget elementor-widget-heading\" data-id=\"5b8ac8a\" data-element_type=\"widget\" data-e-type=\"widget\" data-widget_type=\"heading.default\">\n\t\t\t\t<div class=\"elementor-widget-container\">\n\t\t\t\t\t<h3 class=\"elementor-heading-title elementor-size-default\">Verantwortlich f\u00fcr den Inhalt nach \u00a7 55 Abs. 2 RStV<\/h3>\t\t\t\t<\/div>\n\t\t\t\t<\/div>\n\t\t\t\t<div class=\"elementor-element elementor-element-6a446fd elementor-widget elementor-widget-text-editor\" data-id=\"6a446fd\" data-element_type=\"widget\" data-e-type=\"widget\" data-widget_type=\"text-editor.default\">\n\t\t\t\t<div class=\"elementor-widget-container\">\n\t\t\t\t\t\t\t\t\t<p>Florian Funke<br \/>Erikenweg 7<br \/>04416 Markkleeberg<\/p>\n\t\t\t\t\t\t\t\t<\/div>\n\t\t\t\t<\/div>\n\t\t\t\t\t<\/div>\n\t\t<\/div>\n\t\t\t\t<div class=\"elementor-column elementor-col-50 elementor-inner-column elementor-element elementor-element-1eae046c\" data-id=\"1eae046c\" data-element_type=\"column\" data-e-type=\"column\">\n\t\t\t<div class=\"elementor-widget-wrap elementor-element-populated\">\n\t\t\t\t\t\t<div class=\"elementor-element elementor-element-452c25e elementor-widget elementor-widget-image\" data-id=\"452c25e\" data-element_type=\"widget\" data-e-type=\"widget\" data-widget_type=\"image.default\">\n\t\t\t\t<div class=\"elementor-widget-container\">\n\t\t\t\t\t\t\t\t\t\t\t\t\t\t\t<img fetchpriority=\"high\" decoding=\"async\" width=\"450\" height=\"419\" src=\"https:\/\/www.arff-services.com\/wp-content\/uploads\/2021\/05\/ARFF-Logo-services-blue.png\" class=\"attachment-large size-large wp-image-7707\" alt=\"\" srcset=\"https:\/\/www.arff-services.com\/wp-content\/uploads\/2021\/05\/ARFF-Logo-services-blue.png 450w, https:\/\/www.arff-services.com\/wp-content\/uploads\/2021\/05\/ARFF-Logo-services-blue-300x279.png 300w\" sizes=\"(max-width: 450px) 100vw, 450px\" \/>\t\t\t\t\t\t\t\t\t\t\t\t\t\t\t<\/div>\n\t\t\t\t<\/div>\n\t\t\t\t\t<\/div>\n\t\t<\/div>\n\t\t\t\t\t<\/div>\n\t\t<\/section>\n\t\t\t\t<div class=\"elementor-element elementor-element-3219220 elementor-widget elementor-widget-heading\" data-id=\"3219220\" data-element_type=\"widget\" data-e-type=\"widget\" data-widget_type=\"heading.default\">\n\t\t\t\t<div class=\"elementor-widget-container\">\n\t\t\t\t\t<h3 class=\"elementor-heading-title elementor-size-default\">Streitschlichtung<\/h3>\t\t\t\t<\/div>\n\t\t\t\t<\/div>\n\t\t\t\t<div class=\"elementor-element elementor-element-06ed457 elementor-widget elementor-widget-text-editor\" data-id=\"06ed457\" data-element_type=\"widget\" data-e-type=\"widget\" data-widget_type=\"text-editor.default\">\n\t\t\t\t<div class=\"elementor-widget-container\">\n\t\t\t\t\t\t\t\t\t<p>Die Europ\u00e4ische Kommission stellt eine Plattform zur Online-Streitbeilegung (OS) bereit:\u00a0<a href=\"https:\/\/ec.europa.eu\/consumers\/odr\" target=\"_blank\" rel=\"noreferrer noopener\">https:\/\/ec.europa.eu\/consumers\/odr<\/a>. Unsere E-Mail-Adresse finden Sie oben im Impressum.<\/p>\n<p>Wir sind nicht bereit oder verpflichtet, an Streitbeilegungsverfahren vor einer Verbraucherschlichtungsstelle teilzunehmen.<\/p>\n\t\t\t\t\t\t\t\t<\/div>\n\t\t\t\t<\/div>\n\t\t\t\t<div class=\"elementor-element elementor-element-38bd8a9 elementor-widget elementor-widget-heading\" data-id=\"38bd8a9\" data-element_type=\"widget\" data-e-type=\"widget\" data-widget_type=\"heading.default\">\n\t\t\t\t<div class=\"elementor-widget-container\">\n\t\t\t\t\t<h3 class=\"elementor-heading-title elementor-size-default\">Haftung f\u00fcr Inhalte<\/h3>\t\t\t\t<\/div>\n\t\t\t\t<\/div>\n\t\t\t\t<div class=\"elementor-element elementor-element-233c8d4 elementor-widget elementor-widget-text-editor\" data-id=\"233c8d4\" data-element_type=\"widget\" data-e-type=\"widget\" data-widget_type=\"text-editor.default\">\n\t\t\t\t<div class=\"elementor-widget-container\">\n\t\t\t\t\t\t\t\t\t<p>Als Diensteanbieter sind wir gem\u00e4\u00df \u00a7 7 Abs.1 TMG f\u00fcr eigene Inhalte auf diesen Seiten nach den allgemeinen Gesetzen verantwortlich. Nach \u00a7\u00a7 8 bis 10 TMG sind wir als Diensteanbieter jedoch nicht verpflichtet, \u00fcbermittelte oder gespeicherte fremde Informationen zu \u00fcberwachen oder nach Umst\u00e4nden zu forschen, die auf eine rechtswidrige T\u00e4tigkeit hinweisen.<\/p>\n<p>Verpflichtungen zur Entfernung oder Sperrung der Nutzung von Informationen nach den allgemeinen Gesetzen bleiben hiervon unber\u00fchrt. Eine diesbez\u00fcgliche Haftung ist jedoch erst ab dem Zeitpunkt der Kenntnis einer konkreten Rechtsverletzung m\u00f6glich. Bei Bekanntwerden von entsprechenden Rechtsverletzungen werden wir diese Inhalte umgehend entfernen.<\/p>\n\t\t\t\t\t\t\t\t<\/div>\n\t\t\t\t<\/div>\n\t\t\t\t<div class=\"elementor-element elementor-element-43bb9c0 elementor-widget elementor-widget-heading\" data-id=\"43bb9c0\" data-element_type=\"widget\" data-e-type=\"widget\" data-widget_type=\"heading.default\">\n\t\t\t\t<div class=\"elementor-widget-container\">\n\t\t\t\t\t<h3 class=\"elementor-heading-title elementor-size-default\">Haftung f\u00fcr Links<\/h3>\t\t\t\t<\/div>\n\t\t\t\t<\/div>\n\t\t\t\t<div class=\"elementor-element elementor-element-ef68e2a elementor-widget elementor-widget-text-editor\" data-id=\"ef68e2a\" data-element_type=\"widget\" data-e-type=\"widget\" data-widget_type=\"text-editor.default\">\n\t\t\t\t<div class=\"elementor-widget-container\">\n\t\t\t\t\t\t\t\t\t<p>Unser Angebot enth\u00e4lt Links zu externen Websites Dritter, auf deren Inhalte wir keinen Einfluss haben. Deshalb k\u00f6nnen wir f\u00fcr diese fremden Inhalte auch keine Gew\u00e4hr \u00fcbernehmen. F\u00fcr die Inhalte der verlinkten Seiten ist stets der jeweilige Anbieter oder Betreiber der Seiten verantwortlich. Die verlinkten Seiten wurden zum Zeitpunkt der Verlinkung auf m\u00f6gliche Rechtsverst\u00f6\u00dfe \u00fcberpr\u00fcft. Rechtswidrige Inhalte waren zum Zeitpunkt der Verlinkung nicht erkennbar.<\/p>\n<p>Eine permanente inhaltliche Kontrolle der verlinkten Seiten ist jedoch ohne konkrete Anhaltspunkte einer Rechtsverletzung nicht zumutbar. Bei Bekanntwerden von Rechtsverletzungen werden wir derartige Links umgehend entfernen.<\/p>\n\t\t\t\t\t\t\t\t<\/div>\n\t\t\t\t<\/div>\n\t\t\t\t<div class=\"elementor-element elementor-element-48521d5 elementor-widget elementor-widget-heading\" data-id=\"48521d5\" data-element_type=\"widget\" data-e-type=\"widget\" data-widget_type=\"heading.default\">\n\t\t\t\t<div class=\"elementor-widget-container\">\n\t\t\t\t\t<h3 class=\"elementor-heading-title elementor-size-default\">Urheberrecht\n<\/h3>\t\t\t\t<\/div>\n\t\t\t\t<\/div>\n\t\t\t\t<div class=\"elementor-element elementor-element-a0003e9 elementor-widget elementor-widget-text-editor\" data-id=\"a0003e9\" data-element_type=\"widget\" data-e-type=\"widget\" data-widget_type=\"text-editor.default\">\n\t\t\t\t<div class=\"elementor-widget-container\">\n\t\t\t\t\t\t\t\t\t<p>Die durch die Seitenbetreiber erstellten Inhalte und Werke auf diesen Seiten unterliegen dem deutschen Urheberrecht. Die Vervielf\u00e4ltigung, Bearbeitung, Verbreitung und jede Art der Verwertung au\u00dferhalb der Grenzen des Urheberrechtes bed\u00fcrfen der schriftlichen Zustimmung des jeweiligen Autors bzw. Erstellers. Downloads und Kopien dieser Seite sind nur f\u00fcr den privaten, nicht kommerziellen Gebrauch gestattet.<\/p>\n<p>Soweit die Inhalte auf dieser Seite nicht vom Betreiber erstellt wurden, werden die Urheberrechte Dritter beachtet. Insbesondere werden Inhalte Dritter als solche gekennzeichnet. Sollten Sie trotzdem auf eine Urheberrechtsverletzung aufmerksam werden, bitten wir um einen entsprechenden Hinweis. Bei Bekanntwerden von Rechtsverletzungen werden wir derartige Inhalte umgehend entfernen.<\/p>\n\t\t\t\t\t\t\t\t<\/div>\n\t\t\t\t<\/div>\n\t\t\t\t\t<\/div>\n\t\t<\/div>\n\t\t\t\t\t<\/div>\n\t\t<\/section>\n\t\t\t\t<\/div>\n\t\t","protected":false},"excerpt":{"rendered":"<p>Impressum Angaben gem\u00e4\u00df \u00a7 5 TMG ARFF-SERVICES GMBHErikenweg 704416 Markkleeberg Handelsregister: HRB\u00a037831Registergericht: Amtsgericht LeipzigUmsatzsteuer-ID Nr. (\u00a727a): DE333530348Gesch\u00e4ftsfu\u0308hrung: Florian Funke KontaktE-Mail: info@arff-services.com Verantwortlich f\u00fcr den Inhalt nach \u00a7 55 Abs. 2 RStV Florian FunkeErikenweg 704416 Markkleeberg Streitschlichtung Die Europ\u00e4ische Kommission stellt eine Plattform zur Online-Streitbeilegung (OS) bereit:\u00a0https:\/\/ec.europa.eu\/consumers\/odr. Unsere E-Mail-Adresse finden Sie oben im Impressum. Wir sind [&hellip;]<\/p>\n","protected":false},"author":4,"featured_media":0,"parent":0,"menu_order":99,"comment_status":"closed","ping_status":"closed","template":"elementor_header_footer","meta":{"_acf_changed":false,"footnotes":""},"class_list":["post-7865","page","type-page","status-publish","hentry"],"acf":[],"yoast_head":"<!-- This site is optimized with the Yoast SEO plugin v27.3 - https:\/\/yoast.com\/product\/yoast-seo-wordpress\/ -->\n<title>Imprint - ARFF-SERVICES GMBH<\/title>\n<meta name=\"robots\" content=\"index, follow, max-snippet:-1, max-image-preview:large, max-video-preview:-1\" \/>\n<link rel=\"canonical\" href=\"https:\/\/www.arff-services.com\/en\/imprint\/\" \/>\n<meta property=\"og:locale\" content=\"en_US\" \/>\n<meta property=\"og:type\" content=\"article\" \/>\n<meta property=\"og:title\" content=\"Imprint - ARFF-SERVICES GMBH\" \/>\n<meta property=\"og:description\" content=\"Impressum Angaben gem\u00e4\u00df \u00a7 5 TMG ARFF-SERVICES GMBHErikenweg 704416 Markkleeberg Handelsregister: HRB\u00a037831Registergericht: Amtsgericht LeipzigUmsatzsteuer-ID Nr. (\u00a727a): DE333530348Gesch\u00e4ftsfu\u0308hrung: Florian Funke KontaktE-Mail: info@arff-services.com Verantwortlich f\u00fcr den Inhalt nach \u00a7 55 Abs. 2 RStV Florian FunkeErikenweg 704416 Markkleeberg Streitschlichtung Die Europ\u00e4ische Kommission stellt eine Plattform zur Online-Streitbeilegung (OS) bereit:\u00a0https:\/\/ec.europa.eu\/consumers\/odr. Unsere E-Mail-Adresse finden Sie oben im Impressum. Wir sind [&hellip;]\" \/>\n<meta property=\"og:url\" content=\"https:\/\/www.arff-services.com\/en\/imprint\/\" \/>\n<meta property=\"og:site_name\" content=\"ARFF-SERVICES GMBH\" \/>\n<meta property=\"article:modified_time\" content=\"2025-05-21T11:01:01+00:00\" \/>\n<meta property=\"og:image\" content=\"https:\/\/www.arff-services.com\/wp-content\/uploads\/2021\/05\/ARFF-Logo-services-blue.png\" \/>\n\t<meta property=\"og:image:width\" content=\"450\" \/>\n\t<meta property=\"og:image:height\" content=\"419\" \/>\n\t<meta property=\"og:image:type\" content=\"image\/png\" \/>\n<meta name=\"twitter:card\" content=\"summary_large_image\" \/>\n<meta name=\"twitter:label1\" content=\"Est. reading time\" \/>\n\t<meta name=\"twitter:data1\" content=\"2 minutes\" \/>\n<!-- \/ Yoast SEO plugin. -->","yoast_head_json":{"title":"Imprint - ARFF-SERVICES GMBH","robots":{"index":"index","follow":"follow","max-snippet":"max-snippet:-1","max-image-preview":"max-image-preview:large","max-video-preview":"max-video-preview:-1"},"canonical":"https:\/\/www.arff-services.com\/en\/imprint\/","og_locale":"en_US","og_type":"article","og_title":"Imprint - ARFF-SERVICES GMBH","og_description":"Impressum Angaben gem\u00e4\u00df \u00a7 5 TMG ARFF-SERVICES GMBHErikenweg 704416 Markkleeberg Handelsregister: HRB\u00a037831Registergericht: Amtsgericht LeipzigUmsatzsteuer-ID Nr. (\u00a727a): DE333530348Gesch\u00e4ftsfu\u0308hrung: Florian Funke KontaktE-Mail: info@arff-services.com Verantwortlich f\u00fcr den Inhalt nach \u00a7 55 Abs. 2 RStV Florian FunkeErikenweg 704416 Markkleeberg Streitschlichtung Die Europ\u00e4ische Kommission stellt eine Plattform zur Online-Streitbeilegung (OS) bereit:\u00a0https:\/\/ec.europa.eu\/consumers\/odr. Unsere E-Mail-Adresse finden Sie oben im Impressum. Wir sind [&hellip;]","og_url":"https:\/\/www.arff-services.com\/en\/imprint\/","og_site_name":"ARFF-SERVICES GMBH","article_modified_time":"2025-05-21T11:01:01+00:00","og_image":[{"width":450,"height":419,"url":"https:\/\/www.arff-services.com\/wp-content\/uploads\/2021\/05\/ARFF-Logo-services-blue.png","type":"image\/png"}],"twitter_card":"summary_large_image","twitter_misc":{"Est. reading time":"2 minutes"},"schema":{"@context":"https:\/\/schema.org","@graph":[{"@type":"WebPage","@id":"https:\/\/www.arff-services.com\/en\/imprint\/","url":"https:\/\/www.arff-services.com\/en\/imprint\/","name":"Imprint - ARFF-SERVICES GMBH","isPartOf":{"@id":"https:\/\/www.arff-services.com\/en\/#website"},"primaryImageOfPage":{"@id":"https:\/\/www.arff-services.com\/en\/imprint\/#primaryimage"},"image":{"@id":"https:\/\/www.arff-services.com\/en\/imprint\/#primaryimage"},"thumbnailUrl":"https:\/\/www.arff-services.com\/wp-content\/uploads\/2021\/05\/ARFF-Logo-services-blue.png","datePublished":"2021-06-21T11:01:27+00:00","dateModified":"2025-05-21T11:01:01+00:00","breadcrumb":{"@id":"https:\/\/www.arff-services.com\/en\/imprint\/#breadcrumb"},"inLanguage":"en-US","potentialAction":[{"@type":"ReadAction","target":["https:\/\/www.arff-services.com\/en\/imprint\/"]}]},{"@type":"ImageObject","inLanguage":"en-US","@id":"https:\/\/www.arff-services.com\/en\/imprint\/#primaryimage","url":"https:\/\/www.arff-services.com\/wp-content\/uploads\/2021\/05\/ARFF-Logo-services-blue.png","contentUrl":"https:\/\/www.arff-services.com\/wp-content\/uploads\/2021\/05\/ARFF-Logo-services-blue.png"},{"@type":"BreadcrumbList","@id":"https:\/\/www.arff-services.com\/en\/imprint\/#breadcrumb","itemListElement":[{"@type":"ListItem","position":1,"name":"Startseite","item":"https:\/\/www.arff-services.com\/en\/"},{"@type":"ListItem","position":2,"name":"Imprint"}]},{"@type":"WebSite","@id":"https:\/\/www.arff-services.com\/en\/#website","url":"https:\/\/www.arff-services.com\/en\/","name":"ARFF-SERVICES GMBH","description":"Experten f\u00fcr Training und Beratung","publisher":{"@id":"https:\/\/www.arff-services.com\/en\/#organization"},"potentialAction":[{"@type":"SearchAction","target":{"@type":"EntryPoint","urlTemplate":"https:\/\/www.arff-services.com\/en\/?s={search_term_string}"},"query-input":{"@type":"PropertyValueSpecification","valueRequired":true,"valueName":"search_term_string"}}],"inLanguage":"en-US"},{"@type":"Organization","@id":"https:\/\/www.arff-services.com\/en\/#organization","name":"ARFF SERVICES GMBH","url":"https:\/\/www.arff-services.com\/en\/","logo":{"@type":"ImageObject","inLanguage":"en-US","@id":"https:\/\/www.arff-services.com\/en\/#\/schema\/logo\/image\/","url":"https:\/\/www.arff-services.com\/wp-content\/uploads\/2021\/05\/ARFF-Logo-services-blue.png","contentUrl":"https:\/\/www.arff-services.com\/wp-content\/uploads\/2021\/05\/ARFF-Logo-services-blue.png","width":450,"height":419,"caption":"ARFF SERVICES GMBH"},"image":{"@id":"https:\/\/www.arff-services.com\/en\/#\/schema\/logo\/image\/"}}]}},"_links":{"self":[{"href":"https:\/\/www.arff-services.com\/en\/wp-json\/wp\/v2\/pages\/7865","targetHints":{"allow":["GET"]}}],"collection":[{"href":"https:\/\/www.arff-services.com\/en\/wp-json\/wp\/v2\/pages"}],"about":[{"href":"https:\/\/www.arff-services.com\/en\/wp-json\/wp\/v2\/types\/page"}],"author":[{"embeddable":true,"href":"https:\/\/www.arff-services.com\/en\/wp-json\/wp\/v2\/users\/4"}],"replies":[{"embeddable":true,"href":"https:\/\/www.arff-services.com\/en\/wp-json\/wp\/v2\/comments?post=7865"}],"version-history":[{"count":10,"href":"https:\/\/www.arff-services.com\/en\/wp-json\/wp\/v2\/pages\/7865\/revisions"}],"predecessor-version":[{"id":9506,"href":"https:\/\/www.arff-services.com\/en\/wp-json\/wp\/v2\/pages\/7865\/revisions\/9506"}],"wp:attachment":[{"href":"https:\/\/www.arff-services.com\/en\/wp-json\/wp\/v2\/media?parent=7865"}],"curies":[{"name":"wp","href":"https:\/\/api.w.org\/{rel}","templated":true}]}}